{"id":22,"date":"2007-09-09T15:47:25","date_gmt":"2007-09-09T13:47:25","guid":{"rendered":"http:\/\/www.ades-grenoble.org\/wordpress\/?page_id=22"},"modified":"2024-09-26T11:44:23","modified_gmt":"2024-09-26T09:44:23","slug":"contact","status":"publish","type":"page","link":"https:\/\/www.ades-grenoble.org\/wordpress\/contact\/","title":{"rendered":"Contact"},"content":{"rendered":"<address><strong>ADES<\/strong><\/address>\n<address>12 rue Voltaire<\/address>\n<address>38000 Grenoble<\/address>\n<address>\u00a0<\/address>\n<address><strong>Pour contacter l\u2019ADES (Association D\u00e9mocratie-\u00c9cologie-Solidarit\u00e9), discuter, soutenir, adh\u00e9rer, s\u2019inscrire aux formations <\/strong>: demander un rendez-vous par courriel ou mettre un message sur le r\u00e9pondeur t\u00e9l\u00e9phonique : 04 76 03 24 28 en indiquant votre num\u00e9ro de t\u00e9l\u00e9phone ou votre courriel<\/address>\n<p><a href=\"http:\/\/www.ades-grenoble.org\/wordpress\/wp-content\/uploads\/2007\/09\/Bulletin-Adhesion-ADES.pdf\" target=\"_blank\" rel=\"noopener noreferrer\"><strong>bulletin <\/strong><strong>d&rsquo;adh\u00e9sion et d&rsquo;abonnement<\/strong><\/a><strong><br \/>\n<\/strong><\/p>\n<p><strong>Pour s\u2019abonner \u00e0 la lettreInfo \u00e9lectronique \u00ab\u00a0<em>Le Rouge et Le Vert<\/em>\u00a0\u00bb : <a title=\"abonnement\" href=\"mailto:contact@ades-grenoble.org?subject=subscribe\">cliquer ici,<\/a> c&rsquo;est gratuit.<\/strong><\/p>\n<p><strong>Pour vous d\u00e9sabonner : <a title=\"d\u00e9sabonnement\" href=\"mailto:contact@ades-grenoble.org?subject=unsubscribe\">cliquez l\u00e0<\/a><\/strong><\/p>\n<p>T\u00e9l\u00e9phone, fax &amp; r\u00e9pondeur : 04 76 03 24 28<br \/>\nSite internet : <a href=\"http:=\" target=\"_blank\" rel=\"noopener noreferrer\">http:\/\/www.ades-grenoble.org<\/a><br \/>\nCourriel : <a href=\"mailto:contact@ades-grenoble.org\" target=\"_blank\" rel=\"noopener noreferrer\">contact@ades-grenoble.org<\/a><\/p>\n<p><strong><strong>Directeur de publication : Vincent Comparat<\/strong><\/strong><\/p>\n<p>Le site de l&rsquo;ADES est h\u00e9berg\u00e9 par <a href=\"http:\/\/www.ovh.com\" target=\"_blank\" rel=\"noopener noreferrer\">OVH<\/a><\/p>\n<p><a href=\"http:\/\/creativecommons.org\/licenses\/by-nc-nd\/2.0\/fr\/\" rel=\"license\"><img loading=\"lazy\" decoding=\"async\" class=\"alignleft\" style=\"border-width: 0pt;\" src=\"http:\/\/i.creativecommons.org\/l\/by-nc-nd\/2.0\/fr\/88x31.png\" alt=\"Licence Creative Commons\" width=\"88\" height=\"31\" \/><\/a>Sauf mention contraire, les contenus de ce site sont publi\u00e9s sous licence Creative Commons <a href=\"http:\/\/creativecommons.org\/licenses\/by-nc-nd\/2.0\/fr\/\" target=\"_blank\" rel=\"license noopener noreferrer\">Attribution &#8211; Pas d\u2019Utilisation Commerciale &#8211; Pas de Modification 2.0 France<\/a>.<\/p>\n","protected":false},"excerpt":{"rendered":"<p>ADES 12 rue Voltaire 38000 Grenoble \u00a0 Pour contacter l\u2019ADES (Association D\u00e9mocratie-\u00c9cologie-Solidarit\u00e9), discuter, soutenir, adh\u00e9rer, s\u2019inscrire aux formations : demander un rendez-vous par courriel ou mettre un message sur le r\u00e9pondeur t\u00e9l\u00e9phonique : 04 76 03 24 28 en indiquant votre num\u00e9ro de t\u00e9l\u00e9phone ou votre courriel bulletin d&rsquo;adh\u00e9sion et d&rsquo;abonnement Pour s\u2019abonner \u00e0 la [&hellip;]<\/p>\n","protected":false},"author":1,"featured_media":0,"parent":0,"menu_order":0,"comment_status":"closed","ping_status":"open","template":"","meta":{"twitterCardType":"","cardImageID":0,"cardImage":"","cardTitle":"","cardDesc":"","cardImageAlt":"","cardPlayer":"","cardPlayerWidth":0,"cardPlayerHeight":0,"cardPlayerStream":"","cardPlayerCodec":"","footnotes":""},"class_list":["post-22","page","type-page","status-publish","hentry"],"_links":{"self":[{"href":"https:\/\/www.ades-grenoble.org\/wordpress\/wp-json\/wp\/v2\/pages\/22","targetHints":{"allow":["GET"]}}],"collection":[{"href":"https:\/\/www.ades-grenoble.org\/wordpress\/wp-json\/wp\/v2\/pages"}],"about":[{"href":"https:\/\/www.ades-grenoble.org\/wordpress\/wp-json\/wp\/v2\/types\/page"}],"author":[{"embeddable":true,"href":"https:\/\/www.ades-grenoble.org\/wordpress\/wp-json\/wp\/v2\/users\/1"}],"replies":[{"embeddable":true,"href":"https:\/\/www.ades-grenoble.org\/wordpress\/wp-json\/wp\/v2\/comments?post=22"}],"version-history":[{"count":17,"href":"https:\/\/www.ades-grenoble.org\/wordpress\/wp-json\/wp\/v2\/pages\/22\/revisions"}],"predecessor-version":[{"id":23646,"href":"https:\/\/www.ades-grenoble.org\/wordpress\/wp-json\/wp\/v2\/pages\/22\/revisions\/23646"}],"wp:attachment":[{"href":"https:\/\/www.ades-grenoble.org\/wordpress\/wp-json\/wp\/v2\/media?parent=22"}],"curies":[{"name":"wp","href":"https:\/\/api.w.org\/{rel}","templated":true}]}}