{"id":23815,"date":"2024-10-26T19:04:21","date_gmt":"2024-10-26T17:04:21","guid":{"rendered":"https:\/\/www.ades-grenoble.org\/wordpress\/?page_id=23815"},"modified":"2024-10-26T19:04:22","modified_gmt":"2024-10-26T17:04:22","slug":"adherer-soutenir","status":"publish","type":"page","link":"https:\/\/www.ades-grenoble.org\/wordpress\/adherer-soutenir\/","title":{"rendered":"Adh\u00e9rer\/soutenir"},"content":{"rendered":"\n<p>Vous pouvez :<\/p>\n\n\n\n<ul class=\"wp-block-list\">\n<li>nous apporter une aide financi\u00e8re sous forme d\u2019un abonnement de soutien \u00e0 notre lettreInfo \u00e9lectronique &#8211; ch\u00e8que \u00e0 l\u2019ordre de AFADES<\/li>\n\n\n\n<li>vous recevrez en d\u00e9but d&rsquo;ann\u00e9e suivante un re\u00e7u fiscal permettant de d\u00e9duire des imp\u00f4ts sur le revenu 66 % du versement.<\/li>\n\n\n\n<li>adh\u00e9rer \u00e0 l&rsquo;ADES<\/li>\n\n\n\n<li>prendre contact par courriel pour tout renseignement sur l&rsquo;ADES : <a href=\"mailto:contact@ades-grenoble.org\">cliquer ici<\/a><\/li>\n<\/ul>\n\n\n\n<p><a href=\"http:\/\/www.ades-grenoble.org\/wordpress\/wp-content\/uploads\/2007\/09\/Bulletin-Adhesion-ADES.pdf\" target=\"_blank\" rel=\"noreferrer noopener\">T\u00e9l\u00e9charger le bulletin<\/a><\/p>\n","protected":false},"excerpt":{"rendered":"<p>Vous pouvez : T\u00e9l\u00e9charger le bulletin<\/p>\n","protected":false},"author":1,"featured_media":0,"parent":0,"menu_order":0,"comment_status":"closed","ping_status":"closed","template":"","meta":{"twitterCardType":"","cardImageID":0,"cardImage":"","cardTitle":"","cardDesc":"","cardImageAlt":"","cardPlayer":"","cardPlayerWidth":0,"cardPlayerHeight":0,"cardPlayerStream":"","cardPlayerCodec":"","footnotes":""},"class_list":["post-23815","page","type-page","status-publish","hentry"],"_links":{"self":[{"href":"https:\/\/www.ades-grenoble.org\/wordpress\/wp-json\/wp\/v2\/pages\/23815","targetHints":{"allow":["GET"]}}],"collection":[{"href":"https:\/\/www.ades-grenoble.org\/wordpress\/wp-json\/wp\/v2\/pages"}],"about":[{"href":"https:\/\/www.ades-grenoble.org\/wordpress\/wp-json\/wp\/v2\/types\/page"}],"author":[{"embeddable":true,"href":"https:\/\/www.ades-grenoble.org\/wordpress\/wp-json\/wp\/v2\/users\/1"}],"replies":[{"embeddable":true,"href":"https:\/\/www.ades-grenoble.org\/wordpress\/wp-json\/wp\/v2\/comments?post=23815"}],"version-history":[{"count":1,"href":"https:\/\/www.ades-grenoble.org\/wordpress\/wp-json\/wp\/v2\/pages\/23815\/revisions"}],"predecessor-version":[{"id":23816,"href":"https:\/\/www.ades-grenoble.org\/wordpress\/wp-json\/wp\/v2\/pages\/23815\/revisions\/23816"}],"wp:attachment":[{"href":"https:\/\/www.ades-grenoble.org\/wordpress\/wp-json\/wp\/v2\/media?parent=23815"}],"curies":[{"name":"wp","href":"https:\/\/api.w.org\/{rel}","templated":true}]}}