{"id":25121,"date":"2025-09-13T16:30:59","date_gmt":"2025-09-13T14:30:59","guid":{"rendered":"https:\/\/www.ades-grenoble.org\/wordpress\/?page_id=25121"},"modified":"2025-09-13T16:30:59","modified_gmt":"2025-09-13T14:30:59","slug":"telecharger-le-systeme-carignon","status":"publish","type":"page","link":"https:\/\/www.ades-grenoble.org\/wordpress\/telecharger-le-systeme-carignon\/","title":{"rendered":"T\u00e9l\u00e9charger \u00ab\u00a0Le syst\u00e8me Carignon\u00a0\u00bb"},"content":{"rendered":"\n<figure class=\"wp-block-image size-full\"><img loading=\"lazy\" decoding=\"async\" width=\"300\" height=\"465\" src=\"https:\/\/www.ades-grenoble.org\/wordpress\/wp-content\/uploads\/2018\/10\/systemeCarignon.jpg\" alt=\"\" class=\"wp-image-14910\" srcset=\"https:\/\/www.ades-grenoble.org\/wordpress\/wp-content\/uploads\/2018\/10\/systemeCarignon.jpg 300w, https:\/\/www.ades-grenoble.org\/wordpress\/wp-content\/uploads\/2018\/10\/systemeCarignon-97x150.jpg 97w, https:\/\/www.ades-grenoble.org\/wordpress\/wp-content\/uploads\/2018\/10\/systemeCarignon-194x300.jpg 194w\" sizes=\"auto, (max-width: 300px) 100vw, 300px\" \/><\/figure>\n\n\n\n<div class=\"wp-block-group is-nowrap is-layout-flex wp-container-core-group-is-layout-ad2f72ca wp-block-group-is-layout-flex\">\n<p>Le livre de Raymond Avrillier et Philippe Descamps sur les ann\u00e9es de corruption \u00e0 Grenoble &#8211; 1995 &#8211; Ed La D\u00e9couverte Enqu\u00eates, est \u00e9puis\u00e9 en librairie.<\/p>\n<\/div>\n\n\n\n<p>Avec l&rsquo;accord de l&rsquo;\u00e9diteur et des auteurs nous le proposons au t\u00e9l\u00e9chargement. <\/p>\n\n\n\n<p><a href=\"https:\/\/www.ades-grenoble.org\/documents\/Le-systeme-Carignon%281995%29.pdf\" data-type=\"link\" data-id=\"https:\/\/www.ades-grenoble.org\/documents\/Le-systeme-Carignon%281995%29.pdf\" target=\"_blank\" rel=\"noreferrer noopener\">Cliquez ici pour t\u00e9l\u00e9charger \u00ab\u00a0Le syst\u00e8me Carignon\u00a0\u00bb <\/a><\/p>\n\n\n\n<p><\/p>\n","protected":false},"excerpt":{"rendered":"<p>Le livre de Raymond Avrillier et Philippe Descamps sur les ann\u00e9es de corruption \u00e0 Grenoble &#8211; 1995 &#8211; Ed La D\u00e9couverte Enqu\u00eates, est \u00e9puis\u00e9 en librairie. Avec l&rsquo;accord de l&rsquo;\u00e9diteur et des auteurs nous le proposons au t\u00e9l\u00e9chargement. Cliquez ici pour t\u00e9l\u00e9charger \u00ab\u00a0Le syst\u00e8me Carignon\u00a0\u00bb<\/p>\n","protected":false},"author":1,"featured_media":0,"parent":0,"menu_order":0,"comment_status":"closed","ping_status":"closed","template":"","meta":{"twitterCardType":"","cardImageID":0,"cardImage":"","cardTitle":"","cardDesc":"","cardImageAlt":"","cardPlayer":"","cardPlayerWidth":0,"cardPlayerHeight":0,"cardPlayerStream":"","cardPlayerCodec":"","footnotes":""},"class_list":["post-25121","page","type-page","status-publish","hentry"],"_links":{"self":[{"href":"https:\/\/www.ades-grenoble.org\/wordpress\/wp-json\/wp\/v2\/pages\/25121","targetHints":{"allow":["GET"]}}],"collection":[{"href":"https:\/\/www.ades-grenoble.org\/wordpress\/wp-json\/wp\/v2\/pages"}],"about":[{"href":"https:\/\/www.ades-grenoble.org\/wordpress\/wp-json\/wp\/v2\/types\/page"}],"author":[{"embeddable":true,"href":"https:\/\/www.ades-grenoble.org\/wordpress\/wp-json\/wp\/v2\/users\/1"}],"replies":[{"embeddable":true,"href":"https:\/\/www.ades-grenoble.org\/wordpress\/wp-json\/wp\/v2\/comments?post=25121"}],"version-history":[{"count":3,"href":"https:\/\/www.ades-grenoble.org\/wordpress\/wp-json\/wp\/v2\/pages\/25121\/revisions"}],"predecessor-version":[{"id":25124,"href":"https:\/\/www.ades-grenoble.org\/wordpress\/wp-json\/wp\/v2\/pages\/25121\/revisions\/25124"}],"wp:attachment":[{"href":"https:\/\/www.ades-grenoble.org\/wordpress\/wp-json\/wp\/v2\/media?parent=25121"}],"curies":[{"name":"wp","href":"https:\/\/api.w.org\/{rel}","templated":true}]}}