{"id":4670,"date":"2011-10-08T12:40:09","date_gmt":"2011-10-08T10:40:09","guid":{"rendered":"http:\/\/www.ades-grenoble.org\/wordpress\/?page_id=4670"},"modified":"2024-03-08T14:31:17","modified_gmt":"2024-03-08T13:31:17","slug":"soutenir-notre-effort-dinformation","status":"publish","type":"page","link":"https:\/\/www.ades-grenoble.org\/wordpress\/soutenir-notre-effort-dinformation\/","title":{"rendered":"Soutenir notre effort d&rsquo;information"},"content":{"rendered":"<p style=\"text-align: justify;\">Chaque semaine, l\u2019ADES envoie \u00ab\u00a0<em>le Rouge et le Vert<\/em>\u00ab\u00a0, hebdo \u00e9lectronique, \u00e0 de nombreux lecteurs. Les retours sont en g\u00e9n\u00e9ral positifs, m\u00eame si cette \u00ab <em>newsletter<\/em>\u00a0\u00bb fait grincer les dents des oppositions municipales\u00a0de Grenoble dont nous pointons r\u00e9guli\u00e8rement les d\u00e9rives.<\/p>\n<p style=\"text-align: justify;\">Les discours des \u00e9lu-es, n&rsquo;ont en g\u00e9n\u00e9ral pas besoin de nous pour se faire conna\u00eetre, puisqu&rsquo;ils sont g\u00e9n\u00e9reusement \u00e9tal\u00e9s dans les m\u00e9dias locaux.<\/p>\n<p style=\"text-align: justify;\">Apr\u00e8s un mandat dans l&rsquo;opposition municipale de\u00a02008 \u00e0 2014, l\u2019ADES participe \u00e0 la majorit\u00e9 municipale de Grenoble du <em>Rassemblement citoyen de la gauche et des \u00e9cologistes<\/em> depuis mars 2014 et celle de Grenoble en commun depuis 2020..<\/p>\n<p style=\"text-align: justify;\">Le Rouge et le Vert hebdomadaire offre des informations qui ne sont pour la plupart pas accessibles dans les m\u00e9dias locaux ; et des analyses et propositions de l\u2019action des \u00e9lus \u00e9cologistes.<\/p>\n<p style=\"text-align: justify;\"><strong>Si vous trouvez cet effort d\u2019information important, si vous souhaitez qu&rsquo;il continue, vous avez plusieurs fa\u00e7ons d\u2019exprimer votre soutien<\/strong>\u00a0:<\/p>\n<ul style=\"text-align: justify;\">\n<li>Aide financi\u00e8re sous forme d\u2019un abonnement de soutien ch\u00e8que \u00e0 l\u2019ordre de AFADES<\/li>\n<li>Don \u00e0 l\u2019ADES, avec un re\u00e7u fiscal permettant de d\u00e9duire 66 % du don des imp\u00f4ts sur le revenu, ch\u00e8que \u00e0 l\u2019ordre de AFADES<\/li>\n<li>Adh\u00e9sion \u00e0 l\u2019ADES, ch\u00e8que \u00e0 l\u2019ordre de AFADES (minimum 16 \u20ac).<\/li>\n<\/ul>\n<p style=\"text-align: justify;\"><a href=\"http:\/\/www.ades-grenoble.org\/wordpress\/adherer\/\">Retrouvez le bulletin d&rsquo;abonnement \/ adh\u00e9sion \/ don et le d\u00e9tail r\u00e9glementaire des dons ici<\/a><\/p>\n<p style=\"text-align: justify;\">Nota : nous avons pris la d\u00e9cision de fermer la possibilit\u00e9 de publier des commentaires apr\u00e8s les articles publi\u00e9s sur le site de l\u2019ADES. D\u00e9bord\u00e9s par le succ\u00e8s, nous ne pouvons assurer le suivi du flux qui n\u00e9cessiterait la pr\u00e9sence d&rsquo;un mod\u00e9rateur \u00e0 plein temps afin de r\u00e9pondre aux questions et remarques. En revanche quand le d\u00e9bat l&rsquo;exige, nous prenons soin de r\u00e9pondre aux commentaires pertinents, tout particuli\u00e8rement \u00e0 ceux qui nous critiquent. Nous ne disposons pas de salari\u00e9 pour notre communication, mais nous nous appliquons \u00e0 d\u00e9fendre nos id\u00e9es et \u00e0 les faire conna\u00eetre. M\u00eame s&rsquo;il est tr\u00e8s rare qu\u2019on nous demande de rectifier une information, l\u2019erreur peut exister, et nous la corrigeons imm\u00e9diatement. Nous v\u00e9rifions en effet nos informations ou en donnons la r\u00e9f\u00e9rence si n\u00e9cessaire. <a href=\"http:\/\/www.ades-grenoble.org\/wordpress\/contact\/\">N\u2019h\u00e9sitez pas \u00e0 nous interpeller en nous contactant<\/a><\/p>\n","protected":false},"excerpt":{"rendered":"<p>Chaque semaine, l\u2019ADES envoie \u00ab\u00a0le Rouge et le Vert\u00ab\u00a0, hebdo \u00e9lectronique, \u00e0 de nombreux lecteurs. Les retours sont en g\u00e9n\u00e9ral positifs, m\u00eame si cette \u00ab newsletter\u00a0\u00bb fait grincer les dents des oppositions municipales\u00a0de Grenoble dont nous pointons r\u00e9guli\u00e8rement les d\u00e9rives. Les discours des \u00e9lu-es, n&rsquo;ont en g\u00e9n\u00e9ral pas besoin de nous pour se faire conna\u00eetre, [&hellip;]<\/p>\n","protected":false},"author":1,"featured_media":0,"parent":0,"menu_order":0,"comment_status":"closed","ping_status":"open","template":"","meta":{"twitterCardType":"","cardImageID":0,"cardImage":"","cardTitle":"","cardDesc":"","cardImageAlt":"","cardPlayer":"","cardPlayerWidth":0,"cardPlayerHeight":0,"cardPlayerStream":"","cardPlayerCodec":"","footnotes":""},"class_list":["post-4670","page","type-page","status-publish","hentry"],"_links":{"self":[{"href":"https:\/\/www.ades-grenoble.org\/wordpress\/wp-json\/wp\/v2\/pages\/4670","targetHints":{"allow":["GET"]}}],"collection":[{"href":"https:\/\/www.ades-grenoble.org\/wordpress\/wp-json\/wp\/v2\/pages"}],"about":[{"href":"https:\/\/www.ades-grenoble.org\/wordpress\/wp-json\/wp\/v2\/types\/page"}],"author":[{"embeddable":true,"href":"https:\/\/www.ades-grenoble.org\/wordpress\/wp-json\/wp\/v2\/users\/1"}],"replies":[{"embeddable":true,"href":"https:\/\/www.ades-grenoble.org\/wordpress\/wp-json\/wp\/v2\/comments?post=4670"}],"version-history":[{"count":14,"href":"https:\/\/www.ades-grenoble.org\/wordpress\/wp-json\/wp\/v2\/pages\/4670\/revisions"}],"predecessor-version":[{"id":22942,"href":"https:\/\/www.ades-grenoble.org\/wordpress\/wp-json\/wp\/v2\/pages\/4670\/revisions\/22942"}],"wp:attachment":[{"href":"https:\/\/www.ades-grenoble.org\/wordpress\/wp-json\/wp\/v2\/media?parent=4670"}],"curies":[{"name":"wp","href":"https:\/\/api.w.org\/{rel}","templated":true}]}}